{"id":3,"date":"2025-05-12T21:33:21","date_gmt":"2025-05-12T21:33:21","guid":{"rendered":"https:\/\/diplomatinvestissement.com\/?page_id=3"},"modified":"2025-05-19T11:36:40","modified_gmt":"2025-05-19T11:36:40","slug":"politique-de-confidentialite","status":"publish","type":"page","link":"https:\/\/diplomatinvestissement.com\/index.php\/politique-de-confidentialite\/","title":{"rendered":"Politique de confidentialit\u00e9"},"content":{"rendered":"\n<h2 class=\"wp-block-heading\"><\/h2>\n\n\n\n<p>Le Magazine Diplomat Investissement (M.D.I) est un bimestriel d\u2019informations diplomatiques et \u00e9conomiques. Par ses reportages, le Magazine donne la parole aux d\u00e9cideurs et n\u00e9gociateurs politiques, diplomatiques et \u00e9conomiques et fait la promotion de la nouvelle diplomatie ax\u00e9e sur les affaires et les investissements.<\/p>\n\n\n\n<p>Il facilite tout d\u2019abord le rapprochement entre les milieux d\u2019affaires par la diffusion des d\u00e9cisions des Gouvernements et des milieux diplomatiques en mati\u00e8re \u00e9conomique aupr\u00e8s des investisseurs. Il permet \u00e9galement aux investisseurs et financiers d\u2019avoir acc\u00e8s aux march\u00e9s \u00e9mergents et d\u2019\u00eatre inform\u00e9s sur les opportunit\u00e9s d\u2019affaires dans le monde.<\/p>\n\n\n\n<p>Pr\u00e9sent \u00e0 tous les grands rendez-vous internationaux, il vous aide \u00e0 d\u00e9couvrir les contours de la nouvelle diplomatie des affaires. Dans les faits, le M.D.I. facilite le rapprochement entre les milieux d\u2019affaires et diplomatique.<\/p>\n\n\n\n<p>C\u2019est dans ce contexte que le Magazine Diplomat investissement, a mis en place une approche innovatrice de communication d\u2019affaires cibl\u00e9e destin\u00e9e exclusivement aux grands dirigeants et d\u00e9cideurs financiers, investisseurs et \u00e9conomiques des pays \u00e9mergeants. Le Magazine s\u2019int\u00e9resse aux grands mouvements des capitaux et des investissements \u00e0 l\u2019\u00e9chelle plan\u00e9taire \u00e0 travers la nouvelle diplomatie ax\u00e9e sur les affaires et l&rsquo;\u00e9conomie.<\/p>\n\n\n\n<p>Plus qu\u2019une simple revue, le Magazine Diplomat Investissement est devenu aujourd\u2019hui un outil d\u2019information et de communication tr\u00e8s influent qui fait la promotion des Investissements strat\u00e9giques et de la diplomatie. Sa philosophie consiste \u00e0 marier le monde diplomatique \u00e0 celui des investissements et de la haute finance.<\/p>\n\n\n\n<p><strong>STATISTIQUES<\/strong><\/p>\n\n\n\n<ul class=\"wp-block-list\">\n<li>Plus de 55% de nos lecteurs s\u2019int\u00e9ressent aux \u00e9changes commerciaux, aux opportunit\u00e9s d\u2019affaires, aux financements et aux investissements,<\/li>\n\n\n\n<li>36% s\u2019int\u00e9ressent \u00e0 la nouvelle diplomatie des affaires<\/li>\n\n\n\n<li>et 9% aux autres sujets.<\/li>\n<\/ul>\n\n\n\n<p><strong>PROFIL DE NOS LECTEURS<\/strong><\/p>\n\n\n\n<ul class=\"wp-block-list\">\n<li>42% de nos lecteurs sont des chefs et cadres d\u2019entreprises<\/li>\n\n\n\n<li>25% sont des cadres dans les organismes internationaux (ONU, FMI, BM, BIRD, UE, UA, OEA, ABR, ACDI, BAD, PNUD, SFI)<\/li>\n\n\n\n<li>22% de nos lecteurs sont des ambassadeurs et les milieux diplomatiques<\/li>\n\n\n\n<li>6% de nos lecteurs sont les gouvernements (chefs d\u2019\u00c9tats, Premiers ministres. Ministres, hauts fonctionnaires, etc)<\/li>\n\n\n\n<li>5% (autres).\u00a0<\/li>\n<\/ul>\n\n\n\n<figure class=\"wp-block-embed is-provider-youtube wp-block-embed-youtube\"><div class=\"wp-block-embed__wrapper\">\nhttps:\/\/youtu.be\/YejzP_r4sIM\n<\/div><\/figure>\n","protected":false},"excerpt":{"rendered":"<p>Le Magazine Diplomat Investissement (M.D.I) est un bimestriel d\u2019informations diplomatiques et \u00e9conomiques. Par ses reportages, le Magazine donne la parole aux d\u00e9cideurs et n\u00e9gociateurs politiques, diplomatiques et \u00e9conomiques et fait la promotion de la nouvelle diplomatie ax\u00e9e sur les affaires et les investissements. Il facilite tout d\u2019abord le rapprochement entre les milieux d\u2019affaires par la [&hellip;]<\/p>\n","protected":false},"author":1,"featured_media":0,"parent":0,"menu_order":0,"comment_status":"closed","ping_status":"closed","template":"","meta":{"footnotes":""},"class_list":["post-3","page","type-page","status-publish"],"yoast_head":"<!-- This site is optimized with the Yoast SEO plugin v25.3.1 - https:\/\/yoast.com\/wordpress\/plugins\/seo\/ -->\n<title>Politique de confidentialit\u00e9 -<\/title>\n<meta name=\"robots\" content=\"index, follow, max-snippet:-1, max-image-preview:large, max-video-preview:-1\" \/>\n<link rel=\"canonical\" href=\"https:\/\/diplomatinvestissement.com\/index.php\/politique-de-confidentialite\/\" \/>\n<meta property=\"og:locale\" content=\"fr_FR\" \/>\n<meta property=\"og:type\" content=\"article\" \/>\n<meta property=\"og:title\" content=\"Politique de confidentialit\u00e9 -\" \/>\n<meta property=\"og:description\" content=\"Le Magazine Diplomat Investissement (M.D.I) est un bimestriel d\u2019informations diplomatiques et \u00e9conomiques. Par ses reportages, le Magazine donne la parole aux d\u00e9cideurs et n\u00e9gociateurs politiques, diplomatiques et \u00e9conomiques et fait la promotion de la nouvelle diplomatie ax\u00e9e sur les affaires et les investissements. Il facilite tout d\u2019abord le rapprochement entre les milieux d\u2019affaires par la [&hellip;]\" \/>\n<meta property=\"og:url\" content=\"https:\/\/diplomatinvestissement.com\/index.php\/politique-de-confidentialite\/\" \/>\n<meta property=\"article:modified_time\" content=\"2025-05-19T11:36:40+00:00\" \/>\n<meta name=\"twitter:card\" content=\"summary_large_image\" \/>\n<meta name=\"twitter:label1\" content=\"Dur\u00e9e de lecture estim\u00e9e\" \/>\n\t<meta name=\"twitter:data1\" content=\"2 minutes\" \/>\n<script type=\"application\/ld+json\" class=\"yoast-schema-graph\">{\"@context\":\"https:\/\/schema.org\",\"@graph\":[{\"@type\":\"WebPage\",\"@id\":\"https:\/\/diplomatinvestissement.com\/index.php\/politique-de-confidentialite\/\",\"url\":\"https:\/\/diplomatinvestissement.com\/index.php\/politique-de-confidentialite\/\",\"name\":\"Politique de confidentialit\u00e9 -\",\"isPartOf\":{\"@id\":\"https:\/\/diplomatinvestissement.com\/#website\"},\"datePublished\":\"2025-05-12T21:33:21+00:00\",\"dateModified\":\"2025-05-19T11:36:40+00:00\",\"breadcrumb\":{\"@id\":\"https:\/\/diplomatinvestissement.com\/index.php\/politique-de-confidentialite\/#breadcrumb\"},\"inLanguage\":\"fr-FR\",\"potentialAction\":[{\"@type\":\"ReadAction\",\"target\":[\"https:\/\/diplomatinvestissement.com\/index.php\/politique-de-confidentialite\/\"]}]},{\"@type\":\"BreadcrumbList\",\"@id\":\"https:\/\/diplomatinvestissement.com\/index.php\/politique-de-confidentialite\/#breadcrumb\",\"itemListElement\":[{\"@type\":\"ListItem\",\"position\":1,\"name\":\"Accueil\",\"item\":\"https:\/\/diplomatinvestissement.com\/\"},{\"@type\":\"ListItem\",\"position\":2,\"name\":\"Politique de confidentialit\u00e9\"}]},{\"@type\":\"WebSite\",\"@id\":\"https:\/\/diplomatinvestissement.com\/#website\",\"url\":\"https:\/\/diplomatinvestissement.com\/\",\"name\":\"\",\"description\":\"\",\"potentialAction\":[{\"@type\":\"SearchAction\",\"target\":{\"@type\":\"EntryPoint\",\"urlTemplate\":\"https:\/\/diplomatinvestissement.com\/?s={search_term_string}\"},\"query-input\":{\"@type\":\"PropertyValueSpecification\",\"valueRequired\":true,\"valueName\":\"search_term_string\"}}],\"inLanguage\":\"fr-FR\"}]}<\/script>\n<!-- \/ Yoast SEO plugin. -->","yoast_head_json":{"title":"Politique de confidentialit\u00e9 -","robots":{"index":"index","follow":"follow","max-snippet":"max-snippet:-1","max-image-preview":"max-image-preview:large","max-video-preview":"max-video-preview:-1"},"canonical":"https:\/\/diplomatinvestissement.com\/index.php\/politique-de-confidentialite\/","og_locale":"fr_FR","og_type":"article","og_title":"Politique de confidentialit\u00e9 -","og_description":"Le Magazine Diplomat Investissement (M.D.I) est un bimestriel d\u2019informations diplomatiques et \u00e9conomiques. Par ses reportages, le Magazine donne la parole aux d\u00e9cideurs et n\u00e9gociateurs politiques, diplomatiques et \u00e9conomiques et fait la promotion de la nouvelle diplomatie ax\u00e9e sur les affaires et les investissements. Il facilite tout d\u2019abord le rapprochement entre les milieux d\u2019affaires par la [&hellip;]","og_url":"https:\/\/diplomatinvestissement.com\/index.php\/politique-de-confidentialite\/","article_modified_time":"2025-05-19T11:36:40+00:00","twitter_card":"summary_large_image","twitter_misc":{"Dur\u00e9e de lecture estim\u00e9e":"2 minutes"},"schema":{"@context":"https:\/\/schema.org","@graph":[{"@type":"WebPage","@id":"https:\/\/diplomatinvestissement.com\/index.php\/politique-de-confidentialite\/","url":"https:\/\/diplomatinvestissement.com\/index.php\/politique-de-confidentialite\/","name":"Politique de confidentialit\u00e9 -","isPartOf":{"@id":"https:\/\/diplomatinvestissement.com\/#website"},"datePublished":"2025-05-12T21:33:21+00:00","dateModified":"2025-05-19T11:36:40+00:00","breadcrumb":{"@id":"https:\/\/diplomatinvestissement.com\/index.php\/politique-de-confidentialite\/#breadcrumb"},"inLanguage":"fr-FR","potentialAction":[{"@type":"ReadAction","target":["https:\/\/diplomatinvestissement.com\/index.php\/politique-de-confidentialite\/"]}]},{"@type":"BreadcrumbList","@id":"https:\/\/diplomatinvestissement.com\/index.php\/politique-de-confidentialite\/#breadcrumb","itemListElement":[{"@type":"ListItem","position":1,"name":"Accueil","item":"https:\/\/diplomatinvestissement.com\/"},{"@type":"ListItem","position":2,"name":"Politique de confidentialit\u00e9"}]},{"@type":"WebSite","@id":"https:\/\/diplomatinvestissement.com\/#website","url":"https:\/\/diplomatinvestissement.com\/","name":"","description":"","potentialAction":[{"@type":"SearchAction","target":{"@type":"EntryPoint","urlTemplate":"https:\/\/diplomatinvestissement.com\/?s={search_term_string}"},"query-input":{"@type":"PropertyValueSpecification","valueRequired":true,"valueName":"search_term_string"}}],"inLanguage":"fr-FR"}]}},"_links":{"self":[{"href":"https:\/\/diplomatinvestissement.com\/index.php\/wp-json\/wp\/v2\/pages\/3","targetHints":{"allow":["GET"]}}],"collection":[{"href":"https:\/\/diplomatinvestissement.com\/index.php\/wp-json\/wp\/v2\/pages"}],"about":[{"href":"https:\/\/diplomatinvestissement.com\/index.php\/wp-json\/wp\/v2\/types\/page"}],"author":[{"embeddable":true,"href":"https:\/\/diplomatinvestissement.com\/index.php\/wp-json\/wp\/v2\/users\/1"}],"replies":[{"embeddable":true,"href":"https:\/\/diplomatinvestissement.com\/index.php\/wp-json\/wp\/v2\/comments?post=3"}],"version-history":[{"count":3,"href":"https:\/\/diplomatinvestissement.com\/index.php\/wp-json\/wp\/v2\/pages\/3\/revisions"}],"predecessor-version":[{"id":774,"href":"https:\/\/diplomatinvestissement.com\/index.php\/wp-json\/wp\/v2\/pages\/3\/revisions\/774"}],"wp:attachment":[{"href":"https:\/\/diplomatinvestissement.com\/index.php\/wp-json\/wp\/v2\/media?parent=3"}],"curies":[{"name":"wp","href":"https:\/\/api.w.org\/{rel}","templated":true}]}}