{"id":776,"date":"2025-05-19T11:38:42","date_gmt":"2025-05-19T11:38:42","guid":{"rendered":"https:\/\/diplomatinvestissement.com\/?page_id=776"},"modified":"2025-05-19T11:38:44","modified_gmt":"2025-05-19T11:38:44","slug":"equipe","status":"publish","type":"page","link":"https:\/\/diplomatinvestissement.com\/index.php\/equipe\/","title":{"rendered":"\u00c9quipe"},"content":{"rendered":"\n<figure class=\"wp-block-table\"><table class=\"has-fixed-layout\"><tbody><tr><td>Pr\u00e9sident-\u00c9diteur<\/td><td><strong>Jean T\u00e9l\u00e9 Udimba<\/strong><\/td><\/tr><tr><td>Directrice g\u00e9n\u00e9rale<\/td><td><strong>S\u00e2adia Lakehal<\/strong><\/td><\/tr><tr><td>R\u00e9dacteur en chef<\/td><td><strong>Henri Tambwe (int\u00e9rim)<\/strong><\/td><\/tr><tr><td>Administration<\/td><td><strong>\u00c9lodie Muhiya<\/strong><\/td><\/tr><tr><td>Coordonnatrice g\u00e9n\u00e9rale<\/td><td><strong>Barbara Smith<\/strong><\/td><\/tr><tr><td>Coordination \u00e0 la r\u00e9daction :<\/td><td><strong>Dominique Gagnon<\/strong><\/td><\/tr><tr><td>Directeur Investissement et Affaires Internationales<\/td><td><strong>Salah Mustafa<\/strong><\/td><\/tr><tr><td>Directeur d\u00e9veloppement des affaires<\/td><td><strong>Ignace Lomumba<\/strong><\/td><\/tr><tr><td>Directeur de la promotion des investissements et du commerce<\/td><td><strong>Michel Tonda<\/strong><\/td><\/tr><tr><td>Relation avec les institutions Internationales<\/td><td><strong>Yves Depuis<\/strong><\/td><\/tr><tr><td>Directrice services commerciaux et juridiques<\/td><td><strong>Bitou Diallo<\/strong><\/td><\/tr><tr><td>Charge de mission<\/td><td><strong>Sylla Nabe<\/strong><\/td><\/tr><tr><td>Directeur relations avec les secteurs public et priv\u00e9<\/td><td><strong>Baron&nbsp; &nbsp;Tete<\/strong><\/td><\/tr><tr><td>Directrice marketing et publicit\u00e9<\/td><td><strong>Jacqueline Lemieux<\/strong><\/td><\/tr><tr><td>Directrice service vente<\/td><td><strong>Sylla Aminata<\/strong><\/td><\/tr><tr><td>Relation avec les gouvernements<\/td><td><strong>Alphose &nbsp;Kono<\/strong><\/td><\/tr><tr><td>Relation avec les pays du Golfe et Arabe<\/td><td><strong>Souleyman Kelley Younous<\/strong><\/td><\/tr><tr><td>Relation avec les pays d\u2019Am\u00e9rique du Nord<\/td><td><strong>Rob Jackson &amp; Baby Wembolua<\/strong><\/td><\/tr><tr><td>Relation avec les pays d\u2019Afrique<\/td><td><strong>Baron&nbsp; &nbsp;Tete<\/strong><\/td><\/tr><tr><td>Relation avec les pays d\u2019Asie<\/td><td><strong>Yang Li<\/strong><\/td><\/tr><tr><td>Relation avec les pays d\u2019Europe<\/td><td><strong>Andr\u00e9 Okitodih\u00e9<\/strong><\/td><\/tr><tr><td>Responsable site Internet<\/td><td><strong>Acces leader Group<\/strong><\/td><\/tr><\/tbody><\/table><\/figure>\n\n\n\n<figure class=\"wp-block-table\"><table class=\"has-fixed-layout\"><tbody><tr><td>Charg\u00e9 de mission sp\u00e9ciale&nbsp; &nbsp; &nbsp; &nbsp; &nbsp; &nbsp; &nbsp; &nbsp; &nbsp; &nbsp; &nbsp; &nbsp; &nbsp; &nbsp; &nbsp; &nbsp; &nbsp; &nbsp; &nbsp; &nbsp; &nbsp; &nbsp; &nbsp; &nbsp;<strong>Baron Tete<\/strong>&nbsp;&nbsp; &nbsp; &nbsp; &nbsp;<\/td><td><\/td><\/tr><\/tbody><\/table><\/figure>\n\n\n\n<figure class=\"wp-block-table\"><table class=\"has-fixed-layout\"><tbody><tr><td>Reportage&nbsp; &nbsp; &nbsp; &nbsp; &nbsp; &nbsp; &nbsp; &nbsp; &nbsp; &nbsp; &nbsp; &nbsp; &nbsp; &nbsp; &nbsp; &nbsp; &nbsp; &nbsp; &nbsp; &nbsp; &nbsp; &nbsp; &nbsp; &nbsp; &nbsp; &nbsp; &nbsp; &nbsp; &nbsp; &nbsp; &nbsp; &nbsp; &nbsp; &nbsp; &nbsp; &nbsp; &nbsp;<\/td><td><strong>Henriette Edju Omeoga<\/strong><\/td><\/tr><\/tbody><\/table><\/figure>\n\n\n\n<figure class=\"wp-block-table\"><table class=\"has-fixed-layout\"><tbody><tr><td><strong>Stagiaires:<\/strong><\/td><\/tr><tr><td>Fran\u00e7oise Galli<br>Cherifa Abdramane Ali<br>&nbsp;&nbsp;<strong>Distribution et suivi&nbsp; &nbsp;<\/strong>Vanessa Lazardo&nbsp;<strong>&nbsp;<\/strong>&nbsp; &nbsp; &nbsp; &nbsp; &nbsp; &nbsp; &nbsp; &nbsp; &nbsp; &nbsp; &nbsp; &nbsp; &nbsp; &nbsp; &nbsp; &nbsp; &nbsp; &nbsp; &nbsp; &nbsp; &nbsp; &nbsp; &nbsp; &nbsp; &nbsp; &nbsp; &nbsp; &nbsp; &nbsp; &nbsp; &nbsp; &nbsp;&nbsp;Distribution Digital&nbsp; &nbsp;&nbsp;Dominique Tshimanga<strong>S\u00e9lection des meilleurs articles sur le web<\/strong>Jean-Paul&nbsp; Kalonda<\/td><\/tr><tr><td><strong>R\u00c9GIE PUBLICITAIRE<\/strong><\/td><\/tr><tr><td>World African Business Center<\/td><\/tr><tr><td>&nbsp;Bijou Tete Obonga<\/td><\/tr><tr><td><strong>DISTRIBUTION<\/strong><\/td><\/tr><tr><td>WABC<\/td><\/tr><tr><td>Jean-Jacques Omeonga<\/td><\/tr><tr><td><strong>PRODUCTION ET R\u00c9ALISATION INTERNET<\/strong><\/td><\/tr><tr><td>GROUPE ACC\u00c8S COMMUNICATIONS<\/td><\/tr><tr><td><strong>PUBLICATION<\/strong><\/td><\/tr><tr><td>DIPLOMAT INVESTISSEMENT<\/td><\/tr><\/tbody><\/table><\/figure>\n\n\n\n<p><\/p>\n","protected":false},"excerpt":{"rendered":"<p>Pr\u00e9sident-\u00c9diteur Jean T\u00e9l\u00e9 Udimba Directrice g\u00e9n\u00e9rale S\u00e2adia Lakehal R\u00e9dacteur en chef Henri Tambwe (int\u00e9rim) Administration \u00c9lodie Muhiya Coordonnatrice g\u00e9n\u00e9rale Barbara Smith Coordination \u00e0 la r\u00e9daction : Dominique Gagnon Directeur Investissement et Affaires Internationales Salah Mustafa Directeur d\u00e9veloppement des affaires Ignace Lomumba Directeur de la promotion des investissements et du commerce Michel Tonda Relation avec les [&hellip;]<\/p>\n","protected":false},"author":1,"featured_media":0,"parent":0,"menu_order":0,"comment_status":"closed","ping_status":"closed","template":"","meta":{"footnotes":""},"class_list":["post-776","page","type-page","status-publish"],"yoast_head":"<!-- This site is optimized with the Yoast SEO plugin v25.3.1 - https:\/\/yoast.com\/wordpress\/plugins\/seo\/ -->\n<title>\u00c9quipe -<\/title>\n<meta name=\"robots\" content=\"index, follow, max-snippet:-1, max-image-preview:large, max-video-preview:-1\" \/>\n<link rel=\"canonical\" href=\"https:\/\/diplomatinvestissement.com\/index.php\/equipe\/\" \/>\n<meta property=\"og:locale\" content=\"fr_FR\" \/>\n<meta property=\"og:type\" content=\"article\" \/>\n<meta property=\"og:title\" content=\"\u00c9quipe -\" \/>\n<meta property=\"og:description\" content=\"Pr\u00e9sident-\u00c9diteur Jean T\u00e9l\u00e9 Udimba Directrice g\u00e9n\u00e9rale S\u00e2adia Lakehal R\u00e9dacteur en chef Henri Tambwe (int\u00e9rim) Administration \u00c9lodie Muhiya Coordonnatrice g\u00e9n\u00e9rale Barbara Smith Coordination \u00e0 la r\u00e9daction : Dominique Gagnon Directeur Investissement et Affaires Internationales Salah Mustafa Directeur d\u00e9veloppement des affaires Ignace Lomumba Directeur de la promotion des investissements et du commerce Michel Tonda Relation avec les [&hellip;]\" \/>\n<meta property=\"og:url\" content=\"https:\/\/diplomatinvestissement.com\/index.php\/equipe\/\" \/>\n<meta property=\"article:modified_time\" content=\"2025-05-19T11:38:44+00:00\" \/>\n<meta name=\"twitter:card\" content=\"summary_large_image\" \/>\n<meta name=\"twitter:label1\" content=\"Dur\u00e9e de lecture estim\u00e9e\" \/>\n\t<meta name=\"twitter:data1\" content=\"2 minutes\" \/>\n<script type=\"application\/ld+json\" class=\"yoast-schema-graph\">{\"@context\":\"https:\/\/schema.org\",\"@graph\":[{\"@type\":\"WebPage\",\"@id\":\"https:\/\/diplomatinvestissement.com\/index.php\/equipe\/\",\"url\":\"https:\/\/diplomatinvestissement.com\/index.php\/equipe\/\",\"name\":\"\u00c9quipe -\",\"isPartOf\":{\"@id\":\"https:\/\/diplomatinvestissement.com\/#website\"},\"datePublished\":\"2025-05-19T11:38:42+00:00\",\"dateModified\":\"2025-05-19T11:38:44+00:00\",\"breadcrumb\":{\"@id\":\"https:\/\/diplomatinvestissement.com\/index.php\/equipe\/#breadcrumb\"},\"inLanguage\":\"fr-FR\",\"potentialAction\":[{\"@type\":\"ReadAction\",\"target\":[\"https:\/\/diplomatinvestissement.com\/index.php\/equipe\/\"]}]},{\"@type\":\"BreadcrumbList\",\"@id\":\"https:\/\/diplomatinvestissement.com\/index.php\/equipe\/#breadcrumb\",\"itemListElement\":[{\"@type\":\"ListItem\",\"position\":1,\"name\":\"Accueil\",\"item\":\"https:\/\/diplomatinvestissement.com\/\"},{\"@type\":\"ListItem\",\"position\":2,\"name\":\"\u00c9quipe\"}]},{\"@type\":\"WebSite\",\"@id\":\"https:\/\/diplomatinvestissement.com\/#website\",\"url\":\"https:\/\/diplomatinvestissement.com\/\",\"name\":\"\",\"description\":\"\",\"potentialAction\":[{\"@type\":\"SearchAction\",\"target\":{\"@type\":\"EntryPoint\",\"urlTemplate\":\"https:\/\/diplomatinvestissement.com\/?s={search_term_string}\"},\"query-input\":{\"@type\":\"PropertyValueSpecification\",\"valueRequired\":true,\"valueName\":\"search_term_string\"}}],\"inLanguage\":\"fr-FR\"}]}<\/script>\n<!-- \/ Yoast SEO plugin. -->","yoast_head_json":{"title":"\u00c9quipe -","robots":{"index":"index","follow":"follow","max-snippet":"max-snippet:-1","max-image-preview":"max-image-preview:large","max-video-preview":"max-video-preview:-1"},"canonical":"https:\/\/diplomatinvestissement.com\/index.php\/equipe\/","og_locale":"fr_FR","og_type":"article","og_title":"\u00c9quipe -","og_description":"Pr\u00e9sident-\u00c9diteur Jean T\u00e9l\u00e9 Udimba Directrice g\u00e9n\u00e9rale S\u00e2adia Lakehal R\u00e9dacteur en chef Henri Tambwe (int\u00e9rim) Administration \u00c9lodie Muhiya Coordonnatrice g\u00e9n\u00e9rale Barbara Smith Coordination \u00e0 la r\u00e9daction : Dominique Gagnon Directeur Investissement et Affaires Internationales Salah Mustafa Directeur d\u00e9veloppement des affaires Ignace Lomumba Directeur de la promotion des investissements et du commerce Michel Tonda Relation avec les [&hellip;]","og_url":"https:\/\/diplomatinvestissement.com\/index.php\/equipe\/","article_modified_time":"2025-05-19T11:38:44+00:00","twitter_card":"summary_large_image","twitter_misc":{"Dur\u00e9e de lecture estim\u00e9e":"2 minutes"},"schema":{"@context":"https:\/\/schema.org","@graph":[{"@type":"WebPage","@id":"https:\/\/diplomatinvestissement.com\/index.php\/equipe\/","url":"https:\/\/diplomatinvestissement.com\/index.php\/equipe\/","name":"\u00c9quipe -","isPartOf":{"@id":"https:\/\/diplomatinvestissement.com\/#website"},"datePublished":"2025-05-19T11:38:42+00:00","dateModified":"2025-05-19T11:38:44+00:00","breadcrumb":{"@id":"https:\/\/diplomatinvestissement.com\/index.php\/equipe\/#breadcrumb"},"inLanguage":"fr-FR","potentialAction":[{"@type":"ReadAction","target":["https:\/\/diplomatinvestissement.com\/index.php\/equipe\/"]}]},{"@type":"BreadcrumbList","@id":"https:\/\/diplomatinvestissement.com\/index.php\/equipe\/#breadcrumb","itemListElement":[{"@type":"ListItem","position":1,"name":"Accueil","item":"https:\/\/diplomatinvestissement.com\/"},{"@type":"ListItem","position":2,"name":"\u00c9quipe"}]},{"@type":"WebSite","@id":"https:\/\/diplomatinvestissement.com\/#website","url":"https:\/\/diplomatinvestissement.com\/","name":"","description":"","potentialAction":[{"@type":"SearchAction","target":{"@type":"EntryPoint","urlTemplate":"https:\/\/diplomatinvestissement.com\/?s={search_term_string}"},"query-input":{"@type":"PropertyValueSpecification","valueRequired":true,"valueName":"search_term_string"}}],"inLanguage":"fr-FR"}]}},"_links":{"self":[{"href":"https:\/\/diplomatinvestissement.com\/index.php\/wp-json\/wp\/v2\/pages\/776","targetHints":{"allow":["GET"]}}],"collection":[{"href":"https:\/\/diplomatinvestissement.com\/index.php\/wp-json\/wp\/v2\/pages"}],"about":[{"href":"https:\/\/diplomatinvestissement.com\/index.php\/wp-json\/wp\/v2\/types\/page"}],"author":[{"embeddable":true,"href":"https:\/\/diplomatinvestissement.com\/index.php\/wp-json\/wp\/v2\/users\/1"}],"replies":[{"embeddable":true,"href":"https:\/\/diplomatinvestissement.com\/index.php\/wp-json\/wp\/v2\/comments?post=776"}],"version-history":[{"count":1,"href":"https:\/\/diplomatinvestissement.com\/index.php\/wp-json\/wp\/v2\/pages\/776\/revisions"}],"predecessor-version":[{"id":777,"href":"https:\/\/diplomatinvestissement.com\/index.php\/wp-json\/wp\/v2\/pages\/776\/revisions\/777"}],"wp:attachment":[{"href":"https:\/\/diplomatinvestissement.com\/index.php\/wp-json\/wp\/v2\/media?parent=776"}],"curies":[{"name":"wp","href":"https:\/\/api.w.org\/{rel}","templated":true}]}}